{"id":298,"date":"2021-05-21T15:08:25","date_gmt":"2021-05-21T19:08:25","guid":{"rendered":"http:\/\/gomintbox.ca\/?page_id=298"},"modified":"2023-06-16T10:48:47","modified_gmt":"2023-06-16T14:48:47","slug":"vous-etes","status":"publish","type":"page","link":"https:\/\/gomintbox.ca\/en\/you-are","title":{"rendered":"You are"},"content":{"rendered":"<div data-elementor-type=\"wp-page\" data-elementor-id=\"298\" class=\"elementor elementor-298\">\n\t\t\t\t\t\t<section class=\"elementor-section elementor-top-section elementor-element elementor-element-6d6638f elementor-section-height-min-height elementor-section-boxed elementor-section-height-default elementor-section-items-middle\" data-id=\"6d6638f\" data-element_type=\"section\" data-e-type=\"section\" data-settings=\"{&quot;jet_parallax_layout_list&quot;:[],&quot;background_background&quot;:&quot;classic&quot;}\">\n\t\t\t\t\t\t\t<div class=\"elementor-background-overlay\"><\/div>\n\t\t\t\t\t\t\t<div class=\"elementor-container elementor-column-gap-default\">\n\t\t\t\t\t<div class=\"elementor-column elementor-col-100 elementor-top-column elementor-element elementor-element-57f04d8\" data-id=\"57f04d8\" data-element_type=\"column\" data-e-type=\"column\">\n\t\t\t<div class=\"elementor-widget-wrap elementor-element-populated\">\n\t\t\t\t\t\t<div class=\"elementor-element elementor-element-f61eef9 elementor-widget elementor-widget-heading\" data-id=\"f61eef9\" data-element_type=\"widget\" data-e-type=\"widget\" data-widget_type=\"heading.default\">\n\t\t\t\t<div class=\"elementor-widget-container\">\n\t\t\t\t\t<h2 class=\"elementor-heading-title elementor-size-default\">You are<\/h2>\t\t\t\t<\/div>\n\t\t\t\t<\/div>\n\t\t\t\t<div class=\"elementor-element elementor-element-6282298 elementor-align-left elementor-widget elementor-widget-raven-breadcrumbs\" data-id=\"6282298\" data-element_type=\"widget\" data-e-type=\"widget\" data-widget_type=\"raven-breadcrumbs.default\">\n\t\t\t\t<div class=\"elementor-widget-container\">\n\t\t\t\t\t<div class=\"raven-breadcrumbs raven-breadcrumbs-yoast\"><div id=\"breadcrumbs\"><span><span><a href=\"https:\/\/gomintbox.ca\/en\/\">Home<\/a><\/span><\/span><\/div><\/div>\t\t\t\t<\/div>\n\t\t\t\t<\/div>\n\t\t\t\t\t<\/div>\n\t\t<\/div>\n\t\t\t\t\t<\/div>\n\t\t<\/section>\n\t\t\t\t<section class=\"elementor-section elementor-top-section elementor-element elementor-element-30670331 elementor-section-content-middle elementor-section-boxed elementor-section-height-default elementor-section-height-default\" data-id=\"30670331\" data-element_type=\"section\" data-e-type=\"section\" data-settings=\"{&quot;background_background&quot;:&quot;classic&quot;,&quot;jet_parallax_layout_list&quot;:[]}\">\n\t\t\t\t\t\t<div class=\"elementor-container elementor-column-gap-no\">\n\t\t\t\t\t<div class=\"elementor-column elementor-col-100 elementor-top-column elementor-element elementor-element-6dbaf633\" data-id=\"6dbaf633\" data-element_type=\"column\" data-e-type=\"column\">\n\t\t\t<div class=\"elementor-widget-wrap elementor-element-populated\">\n\t\t\t\t\t\t<div class=\"elementor-element elementor-element-7bfa1c2b elementor-widget elementor-widget-heading\" data-id=\"7bfa1c2b\" data-element_type=\"widget\" data-e-type=\"widget\" data-widget_type=\"heading.default\">\n\t\t\t\t<div class=\"elementor-widget-container\">\n\t\t\t\t\t<h6 class=\"elementor-heading-title elementor-size-default\">WHO ARE WE HELPING?<\/h6>\t\t\t\t<\/div>\n\t\t\t\t<\/div>\n\t\t\t\t<div class=\"elementor-element elementor-element-53d27a88 elementor-widget elementor-widget-heading\" data-id=\"53d27a88\" data-element_type=\"widget\" data-e-type=\"widget\" data-widget_type=\"heading.default\">\n\t\t\t\t<div class=\"elementor-widget-container\">\n\t\t\t\t\t<h5 class=\"elementor-heading-title elementor-size-default\">No matter who you are, we can help you.<\/h5>\t\t\t\t<\/div>\n\t\t\t\t<\/div>\n\t\t\t\t<div class=\"elementor-element elementor-element-53cf6f46 elementor-widget elementor-widget-text-editor\" data-id=\"53cf6f46\" data-element_type=\"widget\" data-e-type=\"widget\" data-widget_type=\"text-editor.default\">\n\t\t\t\t<div class=\"elementor-widget-container\">\n\t\t\t\t\t\t\t\t\t<p><span style=\"font-weight: 400;\">We appreciate and value the creation of lasting partnerships and sharing experiences.<\/span><\/p>\t\t\t\t\t\t\t\t<\/div>\n\t\t\t\t<\/div>\n\t\t\t\t<section class=\"elementor-section elementor-inner-section elementor-element elementor-element-3cdb2bc9 elementor-section-boxed elementor-section-height-default elementor-section-height-default\" data-id=\"3cdb2bc9\" data-element_type=\"section\" data-e-type=\"section\" data-settings=\"{&quot;jet_parallax_layout_list&quot;:[]}\">\n\t\t\t\t\t\t<div class=\"elementor-container elementor-column-gap-default\">\n\t\t\t\t\t<div class=\"elementor-column elementor-col-50 elementor-inner-column elementor-element elementor-element-a9085f3\" data-id=\"a9085f3\" data-element_type=\"column\" data-e-type=\"column\">\n\t\t\t<div class=\"elementor-widget-wrap elementor-element-populated\">\n\t\t\t\t\t\t<div class=\"elementor-element elementor-element-6643e6d1 elementor-view-default elementor-position-block-start elementor-mobile-position-block-start elementor-widget elementor-widget-icon-box\" data-id=\"6643e6d1\" data-element_type=\"widget\" data-e-type=\"widget\" data-widget_type=\"icon-box.default\">\n\t\t\t\t<div class=\"elementor-widget-container\">\n\t\t\t\t\t\t\t<div class=\"elementor-icon-box-wrapper\">\n\n\t\t\t\t\t\t<div class=\"elementor-icon-box-icon\">\n\t\t\t\t<a href=\"https:\/\/gomintbox.ca\/en\/professional-firm\/\" class=\"elementor-icon elementor-animation-grow\" tabindex=\"-1\" aria-label=\"Professionals\">\n\t\t\t\t<i aria-hidden=\"true\" class=\"fas fa-star\"><\/i>\t\t\t\t<\/a>\n\t\t\t<\/div>\n\t\t\t\n\t\t\t\t\t\t<div class=\"elementor-icon-box-content\">\n\n\t\t\t\t\t\t\t\t\t<h3 class=\"elementor-icon-box-title\">\n\t\t\t\t\t\t<a href=\"https:\/\/gomintbox.ca\/en\/professional-firm\/\" >\n\t\t\t\t\t\t\tProfessionals\t\t\t\t\t\t<\/a>\n\t\t\t\t\t<\/h3>\n\t\t\t\t\n\t\t\t\t\t\t\t\t\t<p class=\"elementor-icon-box-description\">\n\t\t\t\t\t\tLawyers, notaries, tax specialists, foreign agents and other professionals\t\t\t\t\t<\/p>\n\t\t\t\t\n\t\t\t<\/div>\n\t\t\t\n\t\t<\/div>\n\t\t\t\t\t\t<\/div>\n\t\t\t\t<\/div>\n\t\t\t\t\t<\/div>\n\t\t<\/div>\n\t\t\t\t<div class=\"elementor-column elementor-col-50 elementor-inner-column elementor-element elementor-element-3925043e\" data-id=\"3925043e\" data-element_type=\"column\" data-e-type=\"column\">\n\t\t\t<div class=\"elementor-widget-wrap elementor-element-populated\">\n\t\t\t\t\t\t<div class=\"elementor-element elementor-element-46b14ddc elementor-view-default elementor-position-block-start elementor-mobile-position-block-start elementor-widget elementor-widget-icon-box\" data-id=\"46b14ddc\" data-element_type=\"widget\" data-e-type=\"widget\" data-widget_type=\"icon-box.default\">\n\t\t\t\t<div class=\"elementor-widget-container\">\n\t\t\t\t\t\t\t<div class=\"elementor-icon-box-wrapper\">\n\n\t\t\t\t\t\t<div class=\"elementor-icon-box-icon\">\n\t\t\t\t<a href=\"https:\/\/gomintbox.ca\/en\/sme-startup\/\" class=\"elementor-icon elementor-animation-grow\" tabindex=\"-1\" aria-label=\"Businesses of all sizes\">\n\t\t\t\t<i aria-hidden=\"true\" class=\"fas fa-star\"><\/i>\t\t\t\t<\/a>\n\t\t\t<\/div>\n\t\t\t\n\t\t\t\t\t\t<div class=\"elementor-icon-box-content\">\n\n\t\t\t\t\t\t\t\t\t<h3 class=\"elementor-icon-box-title\">\n\t\t\t\t\t\t<a href=\"https:\/\/gomintbox.ca\/en\/sme-startup\/\" >\n\t\t\t\t\t\t\tBusinesses of all sizes\t\t\t\t\t\t<\/a>\n\t\t\t\t\t<\/h3>\n\t\t\t\t\n\t\t\t\t\t\t\t\t\t<p class=\"elementor-icon-box-description\">\n\t\t\t\t\t\tStart-ups, SME, undergoing international expansion and more\t\t\t\t\t<\/p>\n\t\t\t\t\n\t\t\t<\/div>\n\t\t\t\n\t\t<\/div>\n\t\t\t\t\t\t<\/div>\n\t\t\t\t<\/div>\n\t\t\t\t\t<\/div>\n\t\t<\/div>\n\t\t\t\t\t<\/div>\n\t\t<\/section>\n\t\t\t\t<section class=\"elementor-section elementor-inner-section elementor-element elementor-element-3d71ba98 elementor-section-boxed elementor-section-height-default elementor-section-height-default\" data-id=\"3d71ba98\" data-element_type=\"section\" data-e-type=\"section\" data-settings=\"{&quot;jet_parallax_layout_list&quot;:[]}\">\n\t\t\t\t\t\t<div class=\"elementor-container elementor-column-gap-default\">\n\t\t\t\t\t<div class=\"elementor-column elementor-col-33 elementor-inner-column elementor-element elementor-element-1a7ccb07\" data-id=\"1a7ccb07\" data-element_type=\"column\" data-e-type=\"column\">\n\t\t\t<div class=\"elementor-widget-wrap elementor-element-populated\">\n\t\t\t\t\t\t<div class=\"elementor-element elementor-element-63fcf3dd elementor-view-default elementor-position-block-start elementor-mobile-position-block-start elementor-widget elementor-widget-icon-box\" data-id=\"63fcf3dd\" data-element_type=\"widget\" data-e-type=\"widget\" data-widget_type=\"icon-box.default\">\n\t\t\t\t<div class=\"elementor-widget-container\">\n\t\t\t\t\t\t\t<div class=\"elementor-icon-box-wrapper\">\n\n\t\t\t\t\t\t<div class=\"elementor-icon-box-icon\">\n\t\t\t\t<a href=\"https:\/\/gomintbox.ca\/en\/marketing-agency-designer\/\" class=\"elementor-icon elementor-animation-grow\" tabindex=\"-1\" aria-label=\"Marketing Agencies &amp; Designers\">\n\t\t\t\t<i aria-hidden=\"true\" class=\"fas fa-star\"><\/i>\t\t\t\t<\/a>\n\t\t\t<\/div>\n\t\t\t\n\t\t\t\t\t\t<div class=\"elementor-icon-box-content\">\n\n\t\t\t\t\t\t\t\t\t<h3 class=\"elementor-icon-box-title\">\n\t\t\t\t\t\t<a href=\"https:\/\/gomintbox.ca\/en\/marketing-agency-designer\/\" >\n\t\t\t\t\t\t\tMarketing Agencies &amp; Designers\t\t\t\t\t\t<\/a>\n\t\t\t\t\t<\/h3>\n\t\t\t\t\n\t\t\t\t\t\t\t\t\t<p class=\"elementor-icon-box-description\">\n\t\t\t\t\t\tMarketing firms, communication, designers and other professionals\t\t\t\t\t<\/p>\n\t\t\t\t\n\t\t\t<\/div>\n\t\t\t\n\t\t<\/div>\n\t\t\t\t\t\t<\/div>\n\t\t\t\t<\/div>\n\t\t\t\t\t<\/div>\n\t\t<\/div>\n\t\t\t\t<div class=\"elementor-column elementor-col-33 elementor-inner-column elementor-element elementor-element-6ce8cb57\" data-id=\"6ce8cb57\" data-element_type=\"column\" data-e-type=\"column\">\n\t\t\t<div class=\"elementor-widget-wrap elementor-element-populated\">\n\t\t\t\t\t\t<div class=\"elementor-element elementor-element-4b4c0cd5 elementor-view-default elementor-position-block-start elementor-mobile-position-block-start elementor-widget elementor-widget-icon-box\" data-id=\"4b4c0cd5\" data-element_type=\"widget\" data-e-type=\"widget\" data-widget_type=\"icon-box.default\">\n\t\t\t\t<div class=\"elementor-widget-container\">\n\t\t\t\t\t\t\t<div class=\"elementor-icon-box-wrapper\">\n\n\t\t\t\t\t\t<div class=\"elementor-icon-box-icon\">\n\t\t\t\t<a href=\"https:\/\/gomintbox.ca\/en\/obnl-sustainable\/\" class=\"elementor-icon elementor-animation-grow\" tabindex=\"-1\" aria-label=\"Responsible businesses and other organizations\">\n\t\t\t\t<i aria-hidden=\"true\" class=\"fas fa-star\"><\/i>\t\t\t\t<\/a>\n\t\t\t<\/div>\n\t\t\t\n\t\t\t\t\t\t<div class=\"elementor-icon-box-content\">\n\n\t\t\t\t\t\t\t\t\t<h3 class=\"elementor-icon-box-title\">\n\t\t\t\t\t\t<a href=\"https:\/\/gomintbox.ca\/en\/obnl-sustainable\/\" >\n\t\t\t\t\t\t\tResponsible businesses and other organizations\t\t\t\t\t\t<\/a>\n\t\t\t\t\t<\/h3>\n\t\t\t\t\n\t\t\t\t\t\t\t\t\t<p class=\"elementor-icon-box-description\">\n\t\t\t\t\t\tEco-responsible companies \u2013 social responsibility, non-profit organizations (NPOs), foundations and others\n\t\t\t\t\t<\/p>\n\t\t\t\t\n\t\t\t<\/div>\n\t\t\t\n\t\t<\/div>\n\t\t\t\t\t\t<\/div>\n\t\t\t\t<\/div>\n\t\t\t\t\t<\/div>\n\t\t<\/div>\n\t\t\t\t<div class=\"elementor-column elementor-col-33 elementor-inner-column elementor-element elementor-element-29fec484\" data-id=\"29fec484\" data-element_type=\"column\" data-e-type=\"column\">\n\t\t\t<div class=\"elementor-widget-wrap elementor-element-populated\">\n\t\t\t\t\t\t<div class=\"elementor-element elementor-element-6dfa1144 elementor-view-default elementor-position-block-start elementor-mobile-position-block-start elementor-widget elementor-widget-icon-box\" data-id=\"6dfa1144\" data-element_type=\"widget\" data-e-type=\"widget\" data-widget_type=\"icon-box.default\">\n\t\t\t\t<div class=\"elementor-widget-container\">\n\t\t\t\t\t\t\t<div class=\"elementor-icon-box-wrapper\">\n\n\t\t\t\t\t\t<div class=\"elementor-icon-box-icon\">\n\t\t\t\t<a href=\"https:\/\/gomintbox.ca\/en\/foreign-firm\/\" class=\"elementor-icon elementor-animation-grow\" tabindex=\"-1\" aria-label=\"Foreign Trademark Professionals\">\n\t\t\t\t<i aria-hidden=\"true\" class=\"fas fa-star\"><\/i>\t\t\t\t<\/a>\n\t\t\t<\/div>\n\t\t\t\n\t\t\t\t\t\t<div class=\"elementor-icon-box-content\">\n\n\t\t\t\t\t\t\t\t\t<h3 class=\"elementor-icon-box-title\">\n\t\t\t\t\t\t<a href=\"https:\/\/gomintbox.ca\/en\/foreign-firm\/\" >\n\t\t\t\t\t\t\tForeign Trademark Professionals\t\t\t\t\t\t<\/a>\n\t\t\t\t\t<\/h3>\n\t\t\t\t\n\t\t\t\t\t\t\t\t\t<p class=\"elementor-icon-box-description\">\n\t\t\t\t\t\tFirms of foreign legal professionals\t\t\t\t\t<\/p>\n\t\t\t\t\n\t\t\t<\/div>\n\t\t\t\n\t\t<\/div>\n\t\t\t\t\t\t<\/div>\n\t\t\t\t<\/div>\n\t\t\t\t\t<\/div>\n\t\t<\/div>\n\t\t\t\t\t<\/div>\n\t\t<\/section>\n\t\t\t\t\t<\/div>\n\t\t<\/div>\n\t\t\t\t\t<\/div>\n\t\t<\/section>\n\t\t\t\t<\/div>","protected":false},"excerpt":{"rendered":"<p>Accueil QUI AIDONS-NOUS? Peu importe qui vous \u00eates, nous pourrons vous aider. Nous appr\u00e9cions et valorisons la cr\u00e9ation de partenariats durables et le partage d&rsquo;exp\u00e9riences. Professionnels du droit Avocats, notaires, fiscalistes, agents \u00e9trangers et autres professionnels Entreprises de toutes tailles En d\u00e9marrage, en croissance, en expansion internationale et autres Agences marketing &amp; Designers Firmes marketing, [&hellip;]<\/p>\n","protected":false},"author":1,"featured_media":0,"parent":0,"menu_order":0,"comment_status":"closed","ping_status":"closed","template":"elementor_header_footer","meta":{"_acf_changed":false,"footnotes":""},"class_list":["post-298","page","type-page","status-publish","hentry"],"acf":[],"yoast_head":"<!-- This site is optimized with the Yoast SEO plugin v27.3 - https:\/\/yoast.com\/product\/yoast-seo-wordpress\/ -->\n<title>Qui aidons-nous? | Mintbox<\/title>\n<meta name=\"description\" content=\"Chez Mintbox, peu importe qui vous \u00eates, nous pourrons vous aider. D\u00e9couvrez l&#039;expertise de nos agents de marques de commerce \u00e0 Montr\u00e9al.\" \/>\n<meta name=\"robots\" content=\"index, follow, max-snippet:-1, max-image-preview:large, max-video-preview:-1\" \/>\n<link rel=\"canonical\" href=\"https:\/\/gomintbox.ca\/en\/you-are\/\" \/>\n<meta property=\"og:locale\" content=\"en_US\" \/>\n<meta property=\"og:type\" content=\"article\" \/>\n<meta property=\"og:title\" content=\"Qui aidons-nous? | Mintbox\" \/>\n<meta property=\"og:description\" content=\"Chez Mintbox, peu importe qui vous \u00eates, nous pourrons vous aider. D\u00e9couvrez l&#039;expertise de nos agents de marques de commerce \u00e0 Montr\u00e9al.\" \/>\n<meta property=\"og:url\" content=\"https:\/\/gomintbox.ca\/en\/you-are\/\" \/>\n<meta property=\"og:site_name\" content=\"MINTBOX\" \/>\n<meta property=\"article:publisher\" content=\"https:\/\/www.facebook.com\/gomintbox\" \/>\n<meta property=\"article:modified_time\" content=\"2023-06-16T14:48:47+00:00\" \/>\n<meta name=\"twitter:card\" content=\"summary_large_image\" \/>\n<meta name=\"twitter:label1\" content=\"Est. reading time\" \/>\n\t<meta name=\"twitter:data1\" content=\"1 minute\" \/>\n<script type=\"application\/ld+json\" class=\"yoast-schema-graph\">{\"@context\":\"https:\\\/\\\/schema.org\",\"@graph\":[{\"@type\":\"WebPage\",\"@id\":\"https:\\\/\\\/gomintbox.ca\\\/vous-etes\",\"url\":\"https:\\\/\\\/gomintbox.ca\\\/vous-etes\",\"name\":\"Qui aidons-nous? | Mintbox\",\"isPartOf\":{\"@id\":\"https:\\\/\\\/gomintbox.ca\\\/#website\"},\"datePublished\":\"2021-05-21T19:08:25+00:00\",\"dateModified\":\"2023-06-16T14:48:47+00:00\",\"description\":\"Chez Mintbox, peu importe qui vous \u00eates, nous pourrons vous aider. D\u00e9couvrez l'expertise de nos agents de marques de commerce \u00e0 Montr\u00e9al.\",\"breadcrumb\":{\"@id\":\"https:\\\/\\\/gomintbox.ca\\\/vous-etes#breadcrumb\"},\"inLanguage\":\"en-CA\",\"potentialAction\":[{\"@type\":\"ReadAction\",\"target\":[\"https:\\\/\\\/gomintbox.ca\\\/vous-etes\"]}]},{\"@type\":\"BreadcrumbList\",\"@id\":\"https:\\\/\\\/gomintbox.ca\\\/vous-etes#breadcrumb\",\"itemListElement\":[{\"@type\":\"ListItem\",\"position\":1,\"name\":\"Accueil\",\"item\":\"https:\\\/\\\/gomintbox.ca\\\/\"},{\"@type\":\"ListItem\",\"position\":2,\"name\":\"Vous \u00eates\"}]},{\"@type\":\"WebSite\",\"@id\":\"https:\\\/\\\/gomintbox.ca\\\/#website\",\"url\":\"https:\\\/\\\/gomintbox.ca\\\/\",\"name\":\"MINTBOX\",\"description\":\"Protection de marques\",\"publisher\":{\"@id\":\"https:\\\/\\\/gomintbox.ca\\\/#organization\"},\"potentialAction\":[{\"@type\":\"SearchAction\",\"target\":{\"@type\":\"EntryPoint\",\"urlTemplate\":\"https:\\\/\\\/gomintbox.ca\\\/?s={search_term_string}\"},\"query-input\":{\"@type\":\"PropertyValueSpecification\",\"valueRequired\":true,\"valueName\":\"search_term_string\"}}],\"inLanguage\":\"en-CA\"},{\"@type\":\"Organization\",\"@id\":\"https:\\\/\\\/gomintbox.ca\\\/#organization\",\"name\":\"Mintbox\",\"url\":\"https:\\\/\\\/gomintbox.ca\\\/\",\"logo\":{\"@type\":\"ImageObject\",\"inLanguage\":\"en-CA\",\"@id\":\"https:\\\/\\\/gomintbox.ca\\\/#\\\/schema\\\/logo\\\/image\\\/\",\"url\":\"https:\\\/\\\/gomintbox.ca\\\/wp-content\\\/uploads\\\/2019\\\/12\\\/Logo_Mintbox_g.png\",\"contentUrl\":\"https:\\\/\\\/gomintbox.ca\\\/wp-content\\\/uploads\\\/2019\\\/12\\\/Logo_Mintbox_g.png\",\"width\":4115,\"height\":1250,\"caption\":\"Mintbox\"},\"image\":{\"@id\":\"https:\\\/\\\/gomintbox.ca\\\/#\\\/schema\\\/logo\\\/image\\\/\"},\"sameAs\":[\"https:\\\/\\\/www.facebook.com\\\/gomintbox\",\"https:\\\/\\\/www.linkedin.com\\\/company\\\/agencemintbox\"]}]}<\/script>\n<!-- \/ Yoast SEO plugin. -->","yoast_head_json":{"title":"Who do we help? | Mintbox","description":"At Mintbox, no matter who you are, we can help you. Discover the expertise of our trademark agents in Montreal.","robots":{"index":"index","follow":"follow","max-snippet":"max-snippet:-1","max-image-preview":"max-image-preview:large","max-video-preview":"max-video-preview:-1"},"canonical":"https:\/\/gomintbox.ca\/en\/you-are\/","og_locale":"en_US","og_type":"article","og_title":"Qui aidons-nous? | Mintbox","og_description":"Chez Mintbox, peu importe qui vous \u00eates, nous pourrons vous aider. D\u00e9couvrez l'expertise de nos agents de marques de commerce \u00e0 Montr\u00e9al.","og_url":"https:\/\/gomintbox.ca\/en\/you-are\/","og_site_name":"MINTBOX","article_publisher":"https:\/\/www.facebook.com\/gomintbox","article_modified_time":"2023-06-16T14:48:47+00:00","twitter_card":"summary_large_image","twitter_misc":{"Est. reading time":"1 minute"},"schema":{"@context":"https:\/\/schema.org","@graph":[{"@type":"WebPage","@id":"https:\/\/gomintbox.ca\/vous-etes","url":"https:\/\/gomintbox.ca\/vous-etes","name":"Who do we help? | Mintbox","isPartOf":{"@id":"https:\/\/gomintbox.ca\/#website"},"datePublished":"2021-05-21T19:08:25+00:00","dateModified":"2023-06-16T14:48:47+00:00","description":"At Mintbox, no matter who you are, we can help you. Discover the expertise of our trademark agents in Montreal.","breadcrumb":{"@id":"https:\/\/gomintbox.ca\/vous-etes#breadcrumb"},"inLanguage":"en-CA","potentialAction":[{"@type":"ReadAction","target":["https:\/\/gomintbox.ca\/vous-etes"]}]},{"@type":"BreadcrumbList","@id":"https:\/\/gomintbox.ca\/vous-etes#breadcrumb","itemListElement":[{"@type":"ListItem","position":1,"name":"Accueil","item":"https:\/\/gomintbox.ca\/"},{"@type":"ListItem","position":2,"name":"Vous \u00eates"}]},{"@type":"WebSite","@id":"https:\/\/gomintbox.ca\/#website","url":"https:\/\/gomintbox.ca\/","name":"MINTBOX","description":"Trademark Protection","publisher":{"@id":"https:\/\/gomintbox.ca\/#organization"},"potentialAction":[{"@type":"SearchAction","target":{"@type":"EntryPoint","urlTemplate":"https:\/\/gomintbox.ca\/?s={search_term_string}"},"query-input":{"@type":"PropertyValueSpecification","valueRequired":true,"valueName":"search_term_string"}}],"inLanguage":"en-CA"},{"@type":"Organization","@id":"https:\/\/gomintbox.ca\/#organization","name":"Mintbox","url":"https:\/\/gomintbox.ca\/","logo":{"@type":"ImageObject","inLanguage":"en-CA","@id":"https:\/\/gomintbox.ca\/#\/schema\/logo\/image\/","url":"https:\/\/gomintbox.ca\/wp-content\/uploads\/2019\/12\/Logo_Mintbox_g.png","contentUrl":"https:\/\/gomintbox.ca\/wp-content\/uploads\/2019\/12\/Logo_Mintbox_g.png","width":4115,"height":1250,"caption":"Mintbox"},"image":{"@id":"https:\/\/gomintbox.ca\/#\/schema\/logo\/image\/"},"sameAs":["https:\/\/www.facebook.com\/gomintbox","https:\/\/www.linkedin.com\/company\/agencemintbox"]}]}},"_links":{"self":[{"href":"https:\/\/gomintbox.ca\/en\/wp-json\/wp\/v2\/pages\/298","targetHints":{"allow":["GET"]}}],"collection":[{"href":"https:\/\/gomintbox.ca\/en\/wp-json\/wp\/v2\/pages"}],"about":[{"href":"https:\/\/gomintbox.ca\/en\/wp-json\/wp\/v2\/types\/page"}],"author":[{"embeddable":true,"href":"https:\/\/gomintbox.ca\/en\/wp-json\/wp\/v2\/users\/1"}],"replies":[{"embeddable":true,"href":"https:\/\/gomintbox.ca\/en\/wp-json\/wp\/v2\/comments?post=298"}],"version-history":[{"count":33,"href":"https:\/\/gomintbox.ca\/en\/wp-json\/wp\/v2\/pages\/298\/revisions"}],"predecessor-version":[{"id":3110,"href":"https:\/\/gomintbox.ca\/en\/wp-json\/wp\/v2\/pages\/298\/revisions\/3110"}],"wp:attachment":[{"href":"https:\/\/gomintbox.ca\/en\/wp-json\/wp\/v2\/media?parent=298"}],"curies":[{"name":"wp","href":"https:\/\/api.w.org\/{rel}","templated":true}]}}